{"id":74807,"date":"2026-03-27T15:26:18","date_gmt":"2026-03-27T15:26:18","guid":{"rendered":"https:\/\/jmcrecycling.com\/?post_type=product&#038;p=74807"},"modified":"2026-03-27T15:26:18","modified_gmt":"2026-03-27T15:26:18","slug":"mcintyre-1250-engine-cracker","status":"publish","type":"product","link":"https:\/\/jmcrecycling.com\/pt\/products\/mcintyre-1250-engine-cracker\/","title":{"rendered":"McIntyre 1250 Motor Desmontado"},"content":{"rendered":"<p><strong>Sistema de Processamento de Motor de Alto Desempenho<\/strong><\/p>\n<p>O McIntyre 1250 Engine Cracker \u00e9 uma m\u00e1quina potente e de alta capacidade, concebida para desmantelar motores, motores el\u00e9tricos e componentes de metal misturado de forma r\u00e1pida e eficiente.<\/p>\n<p>Constru\u00eddo para sucateiros e instala\u00e7\u00f5es de reciclagem, proporciona um rendimento r\u00e1pido e um desempenho fi\u00e1vel, ajudando a maximizar a recupera\u00e7\u00e3o de metais e a rentabilidade.<\/p>\n<p><strong>Potente e Eficiente<\/strong><br \/>\nCom at\u00e9 120 toneladas de for\u00e7a de esmagamento e taxas de processamento de at\u00e9 2,5 toneladas por hora, o 1250 manuseia motores, caixas de velocidades, motores el\u00e9tricos e jantes de liga leve com facilidade.<\/p>\n<p>O seu design compacto e robusto facilita a integra\u00e7\u00e3o em ambientes de quintal existentes, mantendo uma elevada produtividade.<\/p>\n<p><strong>Principais Caracter\u00edsticas<\/strong><br \/>\n\u2022 At\u00e9 120 toneladas de for\u00e7a de esmagamento<br \/>\n\u2022 D\u00e9bito at\u00e9 2,5 toneladas por hora<br \/>\n\u2022 Adequado para motores, motores e ligas<br \/>\n\u2022 Op\u00e7\u00f5es de motor a diesel ou el\u00e9trico<br \/>\n\u2022 Tempos de ciclo r\u00e1pidos<br \/>\n\u2022 Constru\u00e7\u00e3o robusta<br \/>\n\u2022 Pode ser integrado com sistemas de transporte e separa\u00e7\u00e3o<\/p>\n<p><strong>Op\u00e7\u00f5es de Sistema Flex\u00edveis<\/strong><br \/>\nO 1250 pode ser fornecido com:<br \/>\n\u2022 Transportadores de sa\u00edda<br \/>\n\u2022 \u00cdmanes sobre-correia<br \/>\n\u2022 Mesas vibrat\u00f3rias<br \/>\n\u2022 Sistemas de conten\u00e7\u00e3o<\/p>\n<p>Permite-lhe criar uma solu\u00e7\u00e3o de processamento de motor completa.<\/p>\n<p><strong>Especifica\u00e7\u00e3o T\u00e9cnica T\u00edpica<\/strong><br \/>\n(Apenas diretriz \u2013 sujeito a configura\u00e7\u00e3o)<br \/>\n\u2022 Dimens\u00f5es: aprox. 3340 \u00d7 1545 \u00d7 2922 mm<br \/>\n\u2022 Peso: aprox. 8 toneladas<br \/>\n\u2022 Abertura da tremonha: aprox. 1430 \u00d7 920 mm<br \/>\n\u2022 For\u00e7a de esmagamento: at\u00e9 120 toneladas<br \/>\n\u2022 Tempo de ciclo: aprox. 29 segundos<br \/>\n\u2022 Capacidade de \u00f3leo: aprox. 700 litros<br \/>\n\u2022 Press\u00e3o m\u00e1x.: aprox. 241 bar<\/p>\n<p><strong>Op\u00e7\u00f5es de energia:<\/strong><br \/>\n\u2022 Diesel: aprox. 26 kW \/ 35 cv<br \/>\n\u2022 El\u00e9trica: aprox. 22 kW \/ 380V \/ 50Hz<\/p>\n<p><strong>Constru\u00eddo \u00e0 Volta da Sua Opera\u00e7\u00e3o<\/strong><\/p>\n<p>Todas as m\u00e1quinas podem ser adaptadas para satisfazer o seu processo, desde sistemas de alimenta\u00e7\u00e3o a linhas de processamento completas.<\/p>\n<p><strong>Obtenha Mais Valor de Cada Motor<\/strong><br \/>\nContacte-nos hoje para discutir o McIntyre 1250 Engine Cracker<\/p>\n<p>&nbsp;<\/p>","protected":false},"excerpt":{"rendered":"<p>High-Performance Engine Processing System The McIntyre 1250 Engine Cracker is a powerful, high-capacity machine designed to break down engines, electric motors and mixed metal components quickly and efficiently. Built for scrap yards and recycling facilities, it delivers fast throughput and reliable performance, helping maximise metal recovery and profitability. Powerful &amp; Efficient With up to 120 [&hellip;]<\/p>\n","protected":false},"featured_media":74808,"template":"","meta":{"_et_pb_use_builder":"","_et_pb_old_content":"","_et_gb_content_width":""},"pwb-brand":[84],"product_brand":[],"product_cat":[163],"product_tag":[79,82,67],"class_list":{"0":"post-74807","1":"product","2":"type-product","3":"status-publish","4":"has-post-thumbnail","6":"pwb-brand-mcintyre","7":"product_cat-engine-crackers","8":"product_tag-aluminium-recycling","9":"product_tag-metal-recycling","10":"product_tag-scrap-processing","12":"first","13":"instock","14":"shipping-taxable","15":"product-type-simple"},"brands":[{"id":84,"name":"Equipamento de Reciclagem McIntyre","slug":"mcintyre"}],"_links":{"self":[{"href":"https:\/\/jmcrecycling.com\/pt\/wp-json\/wp\/v2\/product\/74807","targetHints":{"allow":["GET"]}}],"collection":[{"href":"https:\/\/jmcrecycling.com\/pt\/wp-json\/wp\/v2\/product"}],"about":[{"href":"https:\/\/jmcrecycling.com\/pt\/wp-json\/wp\/v2\/types\/product"}],"wp:featuredmedia":[{"embeddable":true,"href":"https:\/\/jmcrecycling.com\/pt\/wp-json\/wp\/v2\/media\/74808"}],"wp:attachment":[{"href":"https:\/\/jmcrecycling.com\/pt\/wp-json\/wp\/v2\/media?parent=74807"}],"wp:term":[{"taxonomy":"pwb-brand","embeddable":true,"href":"https:\/\/jmcrecycling.com\/pt\/wp-json\/wp\/v2\/pwb-brand?post=74807"},{"taxonomy":"product_brand","embeddable":true,"href":"https:\/\/jmcrecycling.com\/pt\/wp-json\/wp\/v2\/product_brand?post=74807"},{"taxonomy":"product_cat","embeddable":true,"href":"https:\/\/jmcrecycling.com\/pt\/wp-json\/wp\/v2\/product_cat?post=74807"},{"taxonomy":"product_tag","embeddable":true,"href":"https:\/\/jmcrecycling.com\/pt\/wp-json\/wp\/v2\/product_tag?post=74807"}],"curies":[{"name":"wp","href":"https:\/\/api.w.org\/{rel}","templated":true}]}}