{"id":66304,"date":"2024-03-25T16:25:46","date_gmt":"2024-03-25T16:25:46","guid":{"rendered":"https:\/\/jmcrecycling.com\/?post_type=product&#038;p=66304"},"modified":"2026-04-16T21:37:40","modified_gmt":"2026-04-16T20:37:40","slug":"mcintyre-150-alligator-shear-2","status":"publish","type":"product","link":"https:\/\/jmcrecycling.com\/it\/products\/forbici-per-rottami-mcintyre-150-coccodrillo-2\/","title":{"rendered":"Forbici a ghigliottina McIntyre 150"},"content":{"rendered":"<p>La cesoia per rottami McIntyre 150 \u00e8 abbastanza piccola da essere spostata facilmente nel cortile. Tutto ci\u00f2 di cui hai bisogno per mettere alla prova la cesoia per rottami McIntyre 150 \u00e8 una presa da 13 ampere e un banco adatto.<\/p>\n<p>\u00c8 ideale per affrontare tranciatura di metalli pi\u00f9 leggeri ma \u00e8 abbastanza potente da affrontare valvole in bronzo, rubinetti da bagno, cavi e altre operazioni di pulizia di rottami metallici non ferrosi.<\/p>\n<p>L'apertura e la chiusura delle ganasce sono controllate da un pedale mobile. Le lame di taglio ritornano immediatamente in posizione aperta non appena si rilascia la pressione sul pedale, aumentando cos\u00ec la sicurezza dell'operatore.<\/p>\n<p>La cesoia per rottami JMC McIntyre 150 ha una lama da 150 mm (6 pollici) e pu\u00f2 tagliare tondo in acciaio dolce da 25 mm (1 pollice). Tagli singoli, sminuzzamento e spaccatura sono tutti facili grazie al controllo fine disponibile. Le mani dell'operatore sono libere di manipolare il materiale da tagliare e c'\u00e8 un semplice sistema di regolazione della corsa.<\/p>\n<p>Le cesoie JMC 150 nuove vengono fornite con un manuale d'uso, cavo e spina e hanno anche una garanzia di 12 mesi sui pezzi. Le cesoie JMC usate sono completamente ricondizionate e hanno una garanzia di tre mesi sui pezzi.<\/p>\n<p><iframe loading=\"lazy\" title=\"Lettore video di YouTube\" src=\"https:\/\/www.youtube.com\/embed\/adKtIWrEqao?si=Ql9z6FUCEntlCMc0\" width=\"560\" height=\"315\" frameborder=\"0\" allowfullscreen=\"allowfullscreen\"><\/iframe><\/p>","protected":false},"excerpt":{"rendered":"<p>The McIntyre 150 alligator shear is small enough to be moved easily around the yard. All you need to put the McIntyre 150 alligator shear through its paces is a 13 amp socket and a suitable bench. It\u2019s ideal for tackling lighter metal shearing but it\u2019s powerful enough to tackle gun metal valves, bath taps, [&hellip;]<\/p>\n","protected":false},"featured_media":67386,"template":"","meta":{"_et_pb_use_builder":"","_et_pb_old_content":"","_et_gb_content_width":""},"pwb-brand":[84],"product_brand":[],"product_cat":[18],"product_tag":[79,82,66,67,68],"class_list":{"0":"post-66304","1":"product","2":"type-product","3":"status-publish","4":"has-post-thumbnail","6":"pwb-brand-mcintyre","7":"product_cat-alligator-shears","8":"product_tag-aluminium-recycling","9":"product_tag-metal-recycling","10":"product_tag-recycling","11":"product_tag-scrap-processing","12":"product_tag-waste-processing","14":"first","15":"instock","16":"shipping-taxable","17":"product-type-simple"},"brands":[{"id":84,"name":"Impianti di riciclaggio McIntyre","slug":"mcintyre"}],"_links":{"self":[{"href":"https:\/\/jmcrecycling.com\/it\/wp-json\/wp\/v2\/product\/66304","targetHints":{"allow":["GET"]}}],"collection":[{"href":"https:\/\/jmcrecycling.com\/it\/wp-json\/wp\/v2\/product"}],"about":[{"href":"https:\/\/jmcrecycling.com\/it\/wp-json\/wp\/v2\/types\/product"}],"wp:featuredmedia":[{"embeddable":true,"href":"https:\/\/jmcrecycling.com\/it\/wp-json\/wp\/v2\/media\/67386"}],"wp:attachment":[{"href":"https:\/\/jmcrecycling.com\/it\/wp-json\/wp\/v2\/media?parent=66304"}],"wp:term":[{"taxonomy":"pwb-brand","embeddable":true,"href":"https:\/\/jmcrecycling.com\/it\/wp-json\/wp\/v2\/pwb-brand?post=66304"},{"taxonomy":"product_brand","embeddable":true,"href":"https:\/\/jmcrecycling.com\/it\/wp-json\/wp\/v2\/product_brand?post=66304"},{"taxonomy":"product_cat","embeddable":true,"href":"https:\/\/jmcrecycling.com\/it\/wp-json\/wp\/v2\/product_cat?post=66304"},{"taxonomy":"product_tag","embeddable":true,"href":"https:\/\/jmcrecycling.com\/it\/wp-json\/wp\/v2\/product_tag?post=66304"}],"curies":[{"name":"wp","href":"https:\/\/api.w.org\/{rel}","templated":true}]}}